{"id":797,"date":"2024-04-11T15:02:08","date_gmt":"2024-04-11T13:02:08","guid":{"rendered":"https:\/\/stage-team.edubears.pl\/home\/"},"modified":"2025-02-13T13:33:42","modified_gmt":"2025-02-13T12:33:42","slug":"home","status":"publish","type":"page","link":"https:\/\/stage-team.edubears.pl\/sk\/","title":{"rendered":"Hlavn\u00ed str\u00e1nka "},"content":{"rendered":" ","protected":false},"excerpt":{"rendered":"","protected":false},"author":1,"featured_media":0,"parent":0,"menu_order":0,"comment_status":"closed","ping_status":"closed","template":"home.blade.php","meta":{"_acf_changed":false,"footnotes":""},"class_list":["post-797","page","type-page","status-publish","hentry"],"acf":[],"yoast_head":"<!-- This site is optimized with the Yoast SEO plugin v27.4 - https:\/\/yoast.com\/product\/yoast-seo-wordpress\/ -->\n<title>Angielski dla dzieci metod\u0105 Teddie Eddie - znajd\u017a szko\u0142\u0119 j\u0119zykow\u0105<\/title>\n<meta name=\"description\" content=\"Angielski dla dzieci metod\u0105 nauki Teddy Eddie \u2013 nauczanie poprzez zabaw\u0119! Zapisz swoje dziecko ju\u017c dzi\u015b i obserwuj jego post\u0119py w nauce.\" \/>\n<meta name=\"robots\" content=\"noindex, follow, max-snippet:-1, max-image-preview:large, max-video-preview:-1\" \/>\n<meta property=\"og:locale\" content=\"sk_SK\" \/>\n<meta property=\"og:type\" content=\"article\" \/>\n<meta property=\"og:title\" content=\"Angielski dla dzieci metod\u0105 Teddie Eddie - znajd\u017a szko\u0142\u0119 j\u0119zykow\u0105\" \/>\n<meta property=\"og:description\" content=\"Angielski dla dzieci metod\u0105 nauki Teddy Eddie \u2013 nauczanie poprzez zabaw\u0119! Zapisz swoje dziecko ju\u017c dzi\u015b i obserwuj jego post\u0119py w nauce.\" \/>\n<meta property=\"og:url\" content=\"https:\/\/stage-te.edubears.pl\/sk\/\" \/>\n<meta property=\"og:site_name\" content=\"Teddy Eddie &amp; More\" \/>\n<meta property=\"article:modified_time\" content=\"2025-02-13T12:33:42+00:00\" \/>\n<meta name=\"twitter:card\" content=\"summary_large_image\" \/>\n<script type=\"application\/ld+json\" class=\"yoast-schema-graph\">{\"@context\":\"https:\\\/\\\/schema.org\",\"@graph\":[{\"@type\":\"WebPage\",\"@id\":\"https:\\\/\\\/stage-te.edubears.pl\\\/sk\\\/\",\"url\":\"https:\\\/\\\/stage-te.edubears.pl\\\/sk\\\/\",\"name\":\"Angielski dla dzieci metod\u0105 Teddie Eddie - znajd\u017a szko\u0142\u0119 j\u0119zykow\u0105\",\"isPartOf\":{\"@id\":\"https:\\\/\\\/stage-te.edubears.pl\\\/#website\"},\"datePublished\":\"2024-04-11T13:02:08+00:00\",\"dateModified\":\"2025-02-13T12:33:42+00:00\",\"description\":\"Angielski dla dzieci metod\u0105 nauki Teddy Eddie \u2013 nauczanie poprzez zabaw\u0119! Zapisz swoje dziecko ju\u017c dzi\u015b i obserwuj jego post\u0119py w nauce.\",\"breadcrumb\":{\"@id\":\"https:\\\/\\\/stage-te.edubears.pl\\\/sk\\\/#breadcrumb\"},\"inLanguage\":\"sk-SK\",\"potentialAction\":[{\"@type\":\"ReadAction\",\"target\":[\"https:\\\/\\\/stage-te.edubears.pl\\\/sk\\\/\"]}]},{\"@type\":\"BreadcrumbList\",\"@id\":\"https:\\\/\\\/stage-te.edubears.pl\\\/sk\\\/#breadcrumb\",\"itemListElement\":[{\"@type\":\"ListItem\",\"position\":1,\"name\":\"Strona g\u0142\u00f3wna\",\"item\":\"https:\\\/\\\/stage-te.edubears.pl\\\/sk\\\/\"},{\"@type\":\"ListItem\",\"position\":2,\"name\":\"Hlavn\u00ed str\u00e1nka\"}]},{\"@type\":\"WebSite\",\"@id\":\"https:\\\/\\\/stage-te.edubears.pl\\\/#website\",\"url\":\"https:\\\/\\\/stage-te.edubears.pl\\\/\",\"name\":\"Teddy Eddie &amp; More\",\"description\":\"\",\"potentialAction\":[{\"@type\":\"SearchAction\",\"target\":{\"@type\":\"EntryPoint\",\"urlTemplate\":\"https:\\\/\\\/stage-te.edubears.pl\\\/?s={search_term_string}\"},\"query-input\":{\"@type\":\"PropertyValueSpecification\",\"valueRequired\":true,\"valueName\":\"search_term_string\"}}],\"inLanguage\":\"sk-SK\"}]}<\/script>\n<!-- \/ Yoast SEO plugin. -->","yoast_head_json":{"title":"Angielski dla dzieci metod\u0105 Teddie Eddie - znajd\u017a szko\u0142\u0119 j\u0119zykow\u0105","description":"Angielski dla dzieci metod\u0105 nauki Teddy Eddie \u2013 nauczanie poprzez zabaw\u0119! Zapisz swoje dziecko ju\u017c dzi\u015b i obserwuj jego post\u0119py w nauce.","robots":{"index":"noindex","follow":"follow","max-snippet":"max-snippet:-1","max-image-preview":"max-image-preview:large","max-video-preview":"max-video-preview:-1"},"og_locale":"sk_SK","og_type":"article","og_title":"Angielski dla dzieci metod\u0105 Teddie Eddie - znajd\u017a szko\u0142\u0119 j\u0119zykow\u0105","og_description":"Angielski dla dzieci metod\u0105 nauki Teddy Eddie \u2013 nauczanie poprzez zabaw\u0119! Zapisz swoje dziecko ju\u017c dzi\u015b i obserwuj jego post\u0119py w nauce.","og_url":"https:\/\/stage-te.edubears.pl\/sk\/","og_site_name":"Teddy Eddie &amp; More","article_modified_time":"2025-02-13T12:33:42+00:00","twitter_card":"summary_large_image","schema":{"@context":"https:\/\/schema.org","@graph":[{"@type":"WebPage","@id":"https:\/\/stage-te.edubears.pl\/sk\/","url":"https:\/\/stage-te.edubears.pl\/sk\/","name":"Angielski dla dzieci metod\u0105 Teddie Eddie - znajd\u017a szko\u0142\u0119 j\u0119zykow\u0105","isPartOf":{"@id":"https:\/\/stage-te.edubears.pl\/#website"},"datePublished":"2024-04-11T13:02:08+00:00","dateModified":"2025-02-13T12:33:42+00:00","description":"Angielski dla dzieci metod\u0105 nauki Teddy Eddie \u2013 nauczanie poprzez zabaw\u0119! Zapisz swoje dziecko ju\u017c dzi\u015b i obserwuj jego post\u0119py w nauce.","breadcrumb":{"@id":"https:\/\/stage-te.edubears.pl\/sk\/#breadcrumb"},"inLanguage":"sk-SK","potentialAction":[{"@type":"ReadAction","target":["https:\/\/stage-te.edubears.pl\/sk\/"]}]},{"@type":"BreadcrumbList","@id":"https:\/\/stage-te.edubears.pl\/sk\/#breadcrumb","itemListElement":[{"@type":"ListItem","position":1,"name":"Strona g\u0142\u00f3wna","item":"https:\/\/stage-te.edubears.pl\/sk\/"},{"@type":"ListItem","position":2,"name":"Hlavn\u00ed str\u00e1nka"}]},{"@type":"WebSite","@id":"https:\/\/stage-te.edubears.pl\/#website","url":"https:\/\/stage-te.edubears.pl\/","name":"Teddy Eddie &amp; More","description":"","potentialAction":[{"@type":"SearchAction","target":{"@type":"EntryPoint","urlTemplate":"https:\/\/stage-te.edubears.pl\/?s={search_term_string}"},"query-input":{"@type":"PropertyValueSpecification","valueRequired":true,"valueName":"search_term_string"}}],"inLanguage":"sk-SK"}]}},"_links":{"self":[{"href":"https:\/\/stage-team.edubears.pl\/sk\/wp-json\/wp\/v2\/pages\/797","targetHints":{"allow":["GET"]}}],"collection":[{"href":"https:\/\/stage-team.edubears.pl\/sk\/wp-json\/wp\/v2\/pages"}],"about":[{"href":"https:\/\/stage-team.edubears.pl\/sk\/wp-json\/wp\/v2\/types\/page"}],"author":[{"embeddable":true,"href":"https:\/\/stage-team.edubears.pl\/sk\/wp-json\/wp\/v2\/users\/1"}],"replies":[{"embeddable":true,"href":"https:\/\/stage-team.edubears.pl\/sk\/wp-json\/wp\/v2\/comments?post=797"}],"version-history":[{"count":13,"href":"https:\/\/stage-team.edubears.pl\/sk\/wp-json\/wp\/v2\/pages\/797\/revisions"}],"predecessor-version":[{"id":1320,"href":"https:\/\/stage-team.edubears.pl\/sk\/wp-json\/wp\/v2\/pages\/797\/revisions\/1320"}],"wp:attachment":[{"href":"https:\/\/stage-team.edubears.pl\/sk\/wp-json\/wp\/v2\/media?parent=797"}],"curies":[{"name":"wp","href":"https:\/\/api.w.org\/{rel}","templated":true}]}}